{"id":123,"date":"2023-05-25T15:25:23","date_gmt":"2023-05-25T18:25:23","guid":{"rendered":"https:\/\/4cdigital.com.br\/?page_id=123"},"modified":"2025-07-22T13:55:02","modified_gmt":"2025-07-22T16:55:02","slug":"termos-de-uso","status":"publish","type":"page","link":"https:\/\/4cdigital.com.br\/fr\/termos-de-uso\/","title":{"rendered":"Termos de uso"},"content":{"rendered":"<div data-elementor-type=\"wp-page\" data-elementor-id=\"123\" class=\"elementor elementor-123\" data-elementor-post-type=\"page\">\n\t\t\t\t<div class=\"elementor-element elementor-element-bb68a61 e-flex e-con-boxed e-con e-parent\" data-id=\"bb68a61\" data-element_type=\"container\" data-e-type=\"container\">\n\t\t\t\t\t<div class=\"e-con-inner\">\n\t\t\t\t<div class=\"elementor-element elementor-element-0535148 elementor-widget elementor-widget-text-editor\" data-id=\"0535148\" data-element_type=\"widget\" data-e-type=\"widget\" data-widget_type=\"text-editor.default\">\n\t\t\t\t<div class=\"elementor-widget-container\">\n\t\t\t\t\t\t\t\t\t<h3><span style=\"color: inherit; font-family: inherit; font-size: 1.75rem;\">CONDITIONS D&#039;UTILISATION \u2014 4C Digital<\/span><\/h3><p>4C Digital, personne morale de droit priv\u00e9, d\u00e9crit, \u00e0 travers ce document, les r\u00e8gles d&#039;utilisation du site Web et de tout autre site Web, magasin ou application exploit\u00e9 par le propri\u00e9taire.<\/p><p>En naviguant sur ce site, nous consid\u00e9rons que vous acceptez les conditions d&#039;utilisation ci-dessous.<\/p><p>Si vous n&#039;\u00eates pas d&#039;accord avec les termes de ce contrat, nous vous demandons de ne plus utiliser ce site Web, et encore moins de vous inscrire ou d&#039;envoyer vos donn\u00e9es personnelles.<\/p><p>Si nous modifions nos Conditions d&#039;utilisation, nous publierons le nouveau texte sur ce site web avec la date de r\u00e9vision mise \u00e0 jour. Nous nous r\u00e9servons le droit de modifier ce document \u00e0 tout moment. En cas de modification significative des termes du pr\u00e9sent accord, nous vous en informerons via les coordonn\u00e9es figurant dans notre base de donn\u00e9es ou par notification.<\/p><p>L&#039;utilisation de ce site web apr\u00e8s les modifications implique l&#039;acceptation des Conditions d&#039;utilisation r\u00e9vis\u00e9es. Si, apr\u00e8s lecture de la version r\u00e9vis\u00e9e, vous n&#039;\u00eates pas d&#039;accord avec ses termes, veuillez r\u00e9silier votre acc\u00e8s.<\/p><ul><li><h4>Section 1 \u2013 Utilisateur<\/h4><p>L&#039;utilisation de ce site Web attribue automatiquement la condition d&#039;Utilisateur et implique l&#039;acceptation compl\u00e8te de toutes les directives et conditions incluses dans ces Conditions.<\/p><\/li><li><h4>Section 2 \u2013 Adh\u00e9sion \u00e0 la politique de confidentialit\u00e9<\/h4><p>L&#039;utilisation de ce site Web implique l&#039;adh\u00e9sion aux pr\u00e9sentes conditions d&#039;utilisation et \u00e0 la version la plus r\u00e9cente de la politique de confidentialit\u00e9 num\u00e9rique de 4C.<\/p><\/li><li><h4>Section 3 \u2013 Conditions d\u2019acc\u00e8s<\/h4><p>En g\u00e9n\u00e9ral, l\u2019acc\u00e8s au site 4C Digital est gratuit et ne n\u00e9cessite pas d\u2019inscription ni d\u2019abonnement pr\u00e9alable.<\/p><p>Cependant, pour profiter de certaines fonctionnalit\u00e9s, l&#039;utilisateur peut avoir besoin de s&#039;inscrire, en cr\u00e9ant un compte utilisateur avec son propre identifiant et mot de passe d&#039;acc\u00e8s.<\/p><p>Il est de la seule responsabilit\u00e9 de l&#039;utilisateur de ne fournir que des informations correctes, authentiques, valides, compl\u00e8tes et \u00e0 jour, ainsi que de ne pas divulguer son identifiant et son mot de passe \u00e0 des tiers.<\/p><p>Certaines parties de ce site Web offrent aux utilisateurs la possibilit\u00e9 de publier des commentaires dans certaines zones. 4C Digital n&#039;autorise pas la publication de contenu discriminatoire, offensant ou ill\u00e9gal, ou qui porte atteinte au droit d&#039;auteur ou \u00e0 tout autre droit de tiers.<\/p><p>La publication de tout contenu par l&#039;utilisateur de ce site Web, y compris les messages et les commentaires, implique une licence non exclusive, irr\u00e9vocable et irr\u00e9vocable pour son utilisation, sa reproduction et sa publication par 4C Digital sur son site Web, ses plateformes et applications Internet, ou sur d&#039;autres plateformes, sans aucune restriction ou limitation.<\/p><\/li><li><h4>Section 4 \u2013 Cookies<\/h4><p>Des informations sur votre utilisation de ce site web peuvent \u00eatre collect\u00e9es via des cookies. Les cookies sont des \u00e9l\u00e9ments d&#039;information stock\u00e9s directement sur l&#039;ordinateur que vous utilisez. Ils nous permettent de collecter des informations telles que votre type de navigateur, le temps pass\u00e9 sur le site, les pages visit\u00e9es, vos pr\u00e9f\u00e9rences linguistiques et d&#039;autres donn\u00e9es de trafic anonymes. Nous et nos prestataires de services utilisons ces informations \u00e0 des fins de s\u00e9curit\u00e9, pour faciliter la navigation, afficher les informations plus efficacement et personnaliser votre exp\u00e9rience sur ce site web, ainsi qu&#039;\u00e0 des fins de suivi en ligne. Nous collectons \u00e9galement des informations statistiques sur l&#039;utilisation du site web afin d&#039;am\u00e9liorer continuellement sa conception et ses fonctionnalit\u00e9s, de comprendre comment le site est utilis\u00e9 et de vous aider en cas de probl\u00e8me.<\/p><p>Si vous ne souhaitez pas que vos informations soient collect\u00e9es via des cookies, la plupart des navigateurs proposent une proc\u00e9dure simple permettant de les rejeter automatiquement ou d&#039;accepter ou de refuser le transfert d&#039;un ou plusieurs cookies sp\u00e9cifiques d&#039;un site web vers votre ordinateur. Cependant, cela peut entra\u00eener des d\u00e9sagr\u00e9ments lors de l&#039;utilisation du site web.<\/p><p>Les param\u00e8tres que vous choisissez peuvent affecter votre exp\u00e9rience de navigation et les fonctionnalit\u00e9s n\u00e9cessitant l&#039;utilisation de cookies. Par cons\u00e9quent, nous d\u00e9clinons toute responsabilit\u00e9 quant aux cons\u00e9quences r\u00e9sultant de la limitation des fonctionnalit\u00e9s de ce site web caus\u00e9e par la d\u00e9sactivation des cookies sur votre appareil (impossibilit\u00e9 d&#039;installer ou de lire un cookie).<\/p><\/li><li><h4>Section 5 \u2013 Propri\u00e9t\u00e9 intellectuelle<\/h4><p>Tous les \u00e9l\u00e9ments de 4C Digital sont la propri\u00e9t\u00e9 intellectuelle de 4C Digital ou de ses conc\u00e9dants. Les pr\u00e9sentes Conditions g\u00e9n\u00e9rales, ainsi que votre utilisation du site web, ne vous conf\u00e8rent aucune licence ni aucun droit d&#039;utilisation des droits de propri\u00e9t\u00e9 intellectuelle de 4C Digital ou de tiers.<\/p><\/li><li><h4>Section 6 \u2013 Liens vers des sites tiers<\/h4><p>Ce site web peut occasionnellement contenir des liens hypertextes qui vous redirigeront vers les sites web de nos r\u00e9seaux partenaires, annonceurs, fournisseurs, etc. Si vous cliquez sur l&#039;un de ces liens vers l&#039;un de ces sites, veuillez noter que chaque site a ses propres pratiques de confidentialit\u00e9 et que nous ne sommes pas responsables de ces politiques. Veuillez consulter ces politiques avant de soumettre des donn\u00e9es personnelles \u00e0 ces sites.<\/p><p>Nous ne sommes pas responsables des politiques et pratiques de collecte, d&#039;utilisation et de divulgation (y compris les pratiques de protection des donn\u00e9es) d&#039;autres organisations, telles que Facebook, Apple, Google, Microsoft ou tout autre d\u00e9veloppeur de logiciels ou fournisseur d&#039;applications, plateforme de r\u00e9seaux sociaux, syst\u00e8me d&#039;exploitation, fournisseur d&#039;acc\u00e8s Internet sans fil ou fabricant d&#039;appareils, y compris des Donn\u00e9es personnelles que vous divulguez \u00e0 d&#039;autres organisations via les applications, en lien avec ces applications ou publi\u00e9es sur nos pages de r\u00e9seaux sociaux. Nous vous recommandons de lire la politique de confidentialit\u00e9 et les conditions d&#039;utilisation de chaque site web que vous consultez ou de chaque fournisseur de services que vous utilisez.<\/p><\/li><li><h4>Section 7 \u2013 D\u00e9lais et modifications<\/h4><p>Ce site Web fonctionnera pour une dur\u00e9e ind\u00e9termin\u00e9e.<\/p><p>Le site Web dans son ensemble ou dans chacune de ses sections peut \u00eatre r\u00e9sili\u00e9, suspendu ou interrompu unilat\u00e9ralement par 4C Digital, \u00e0 tout moment et sans pr\u00e9avis.<\/p><\/li><li><h4>Section 8 \u2013 Donn\u00e9es personnelles<\/h4><p>Lors de l&#039;utilisation de ce site web, certaines donn\u00e9es personnelles seront collect\u00e9es et trait\u00e9es par 4C Digital et\/ou ses partenaires. Les r\u00e8gles relatives au traitement des donn\u00e9es personnelles par 4C Digital sont d\u00e9crites dans la Politique de confidentialit\u00e9.<\/p><\/li><li><h4>Section 9 \u2013 Contact<\/h4><p>Si vous avez des questions sur les conditions d&#039;utilisation, veuillez nous contacter par e-mail \u00e0 marketing@4cdigital.com.br.<\/p><\/li><\/ul>\t\t\t\t\t\t\t\t<\/div>\n\t\t\t\t<\/div>\n\t\t\t\t\t<\/div>\n\t\t\t\t<\/div>\n\t\t\t\t<\/div>","protected":false},"excerpt":{"rendered":"<p>TERMOS DE USO \u2014 , pessoa jur\u00eddica de direito privado descreve, atrav\u00e9s deste documento, as regras de uso do site\u00a0 e qualquer outro site, loja ou aplicativo operado pelo propriet\u00e1rio. Ao navegar neste website, consideramos que voc\u00ea est\u00e1 de acordo com os Termos de Uso abaixo. Caso voc\u00ea n\u00e3o esteja de acordo com as condi\u00e7\u00f5es [&hellip;]<\/p>","protected":false},"author":1,"featured_media":0,"parent":0,"menu_order":0,"comment_status":"closed","ping_status":"closed","template":"elementor_header_footer","meta":{"_acf_changed":false,"_joinchat":[],"footnotes":""},"class_list":["post-123","page","type-page","status-publish","hentry"],"acf":[],"yoast_head":"<!-- This site is optimized with the Yoast SEO plugin v25.4 - https:\/\/yoast.com\/wordpress\/plugins\/seo\/ -->\n<title>Termos de uso - 4C Digital<\/title>\n<meta name=\"robots\" content=\"index, follow, max-snippet:-1, max-image-preview:large, max-video-preview:-1\" \/>\n<link rel=\"canonical\" href=\"https:\/\/4cdigital.com.br\/fr\/termos-de-uso\/\" \/>\n<meta property=\"og:locale\" content=\"fr_FR\" \/>\n<meta property=\"og:type\" content=\"article\" \/>\n<meta property=\"og:title\" content=\"Termos de uso - 4C Digital\" \/>\n<meta property=\"og:description\" content=\"TERMOS DE USO \u2014 , pessoa jur\u00eddica de direito privado descreve, atrav\u00e9s deste documento, as regras de uso do site\u00a0 e qualquer outro site, loja ou aplicativo operado pelo propriet\u00e1rio. Ao navegar neste website, consideramos que voc\u00ea est\u00e1 de acordo com os Termos de Uso abaixo. Caso voc\u00ea n\u00e3o esteja de acordo com as condi\u00e7\u00f5es [&hellip;]\" \/>\n<meta property=\"og:url\" content=\"https:\/\/4cdigital.com.br\/fr\/termos-de-uso\/\" \/>\n<meta property=\"og:site_name\" content=\"4C Digital\" \/>\n<meta property=\"article:modified_time\" content=\"2025-07-22T16:55:02+00:00\" \/>\n<meta name=\"twitter:card\" content=\"summary_large_image\" \/>\n<meta name=\"twitter:label1\" content=\"Dur\u00e9e de lecture estim\u00e9e\" \/>\n\t<meta name=\"twitter:data1\" content=\"6 minutes\" \/>\n<script type=\"application\/ld+json\" class=\"yoast-schema-graph\">{\"@context\":\"https:\/\/schema.org\",\"@graph\":[{\"@type\":\"WebPage\",\"@id\":\"https:\/\/4cdigital.com.br\/termos-de-uso\/\",\"url\":\"https:\/\/4cdigital.com.br\/termos-de-uso\/\",\"name\":\"Termos de uso - 4C Digital\",\"isPartOf\":{\"@id\":\"https:\/\/4cdigital.com.br\/#website\"},\"datePublished\":\"2023-05-25T18:25:23+00:00\",\"dateModified\":\"2025-07-22T16:55:02+00:00\",\"breadcrumb\":{\"@id\":\"https:\/\/4cdigital.com.br\/termos-de-uso\/#breadcrumb\"},\"inLanguage\":\"fr-FR\",\"potentialAction\":[{\"@type\":\"ReadAction\",\"target\":[\"https:\/\/4cdigital.com.br\/termos-de-uso\/\"]}]},{\"@type\":\"BreadcrumbList\",\"@id\":\"https:\/\/4cdigital.com.br\/termos-de-uso\/#breadcrumb\",\"itemListElement\":[{\"@type\":\"ListItem\",\"position\":1,\"name\":\"In\u00edcio\",\"item\":\"https:\/\/4cdigital.com.br\/\"},{\"@type\":\"ListItem\",\"position\":2,\"name\":\"Termos de uso\"}]},{\"@type\":\"WebSite\",\"@id\":\"https:\/\/4cdigital.com.br\/#website\",\"url\":\"https:\/\/4cdigital.com.br\/\",\"name\":\"4C Digital\",\"description\":\"\",\"publisher\":{\"@id\":\"https:\/\/4cdigital.com.br\/#organization\"},\"potentialAction\":[{\"@type\":\"SearchAction\",\"target\":{\"@type\":\"EntryPoint\",\"urlTemplate\":\"https:\/\/4cdigital.com.br\/?s={search_term_string}\"},\"query-input\":{\"@type\":\"PropertyValueSpecification\",\"valueRequired\":true,\"valueName\":\"search_term_string\"}}],\"inLanguage\":\"fr-FR\"},{\"@type\":\"Organization\",\"@id\":\"https:\/\/4cdigital.com.br\/#organization\",\"name\":\"4C Digital\",\"url\":\"https:\/\/4cdigital.com.br\/\",\"logo\":{\"@type\":\"ImageObject\",\"inLanguage\":\"fr-FR\",\"@id\":\"https:\/\/4cdigital.com.br\/#\/schema\/logo\/image\/\",\"url\":\"https:\/\/4cdigital.com.br\/wp-content\/uploads\/2025\/07\/logo.png\",\"contentUrl\":\"https:\/\/4cdigital.com.br\/wp-content\/uploads\/2025\/07\/logo.png\",\"width\":114,\"height\":105,\"caption\":\"4C Digital\"},\"image\":{\"@id\":\"https:\/\/4cdigital.com.br\/#\/schema\/logo\/image\/\"}}]}<\/script>\n<!-- \/ Yoast SEO plugin. -->","yoast_head_json":{"title":"Termos de uso - 4C Digital","robots":{"index":"index","follow":"follow","max-snippet":"max-snippet:-1","max-image-preview":"max-image-preview:large","max-video-preview":"max-video-preview:-1"},"canonical":"https:\/\/4cdigital.com.br\/fr\/termos-de-uso\/","og_locale":"fr_FR","og_type":"article","og_title":"Termos de uso - 4C Digital","og_description":"TERMOS DE USO \u2014 , pessoa jur\u00eddica de direito privado descreve, atrav\u00e9s deste documento, as regras de uso do site\u00a0 e qualquer outro site, loja ou aplicativo operado pelo propriet\u00e1rio. Ao navegar neste website, consideramos que voc\u00ea est\u00e1 de acordo com os Termos de Uso abaixo. Caso voc\u00ea n\u00e3o esteja de acordo com as condi\u00e7\u00f5es [&hellip;]","og_url":"https:\/\/4cdigital.com.br\/fr\/termos-de-uso\/","og_site_name":"4C Digital","article_modified_time":"2025-07-22T16:55:02+00:00","twitter_card":"summary_large_image","twitter_misc":{"Dur\u00e9e de lecture estim\u00e9e":"6 minutes"},"schema":{"@context":"https:\/\/schema.org","@graph":[{"@type":"WebPage","@id":"https:\/\/4cdigital.com.br\/termos-de-uso\/","url":"https:\/\/4cdigital.com.br\/termos-de-uso\/","name":"Termos de uso - 4C Digital","isPartOf":{"@id":"https:\/\/4cdigital.com.br\/#website"},"datePublished":"2023-05-25T18:25:23+00:00","dateModified":"2025-07-22T16:55:02+00:00","breadcrumb":{"@id":"https:\/\/4cdigital.com.br\/termos-de-uso\/#breadcrumb"},"inLanguage":"fr-FR","potentialAction":[{"@type":"ReadAction","target":["https:\/\/4cdigital.com.br\/termos-de-uso\/"]}]},{"@type":"BreadcrumbList","@id":"https:\/\/4cdigital.com.br\/termos-de-uso\/#breadcrumb","itemListElement":[{"@type":"ListItem","position":1,"name":"In\u00edcio","item":"https:\/\/4cdigital.com.br\/"},{"@type":"ListItem","position":2,"name":"Termos de uso"}]},{"@type":"WebSite","@id":"https:\/\/4cdigital.com.br\/#website","url":"https:\/\/4cdigital.com.br\/","name":"4C Digital","description":"","publisher":{"@id":"https:\/\/4cdigital.com.br\/#organization"},"potentialAction":[{"@type":"SearchAction","target":{"@type":"EntryPoint","urlTemplate":"https:\/\/4cdigital.com.br\/?s={search_term_string}"},"query-input":{"@type":"PropertyValueSpecification","valueRequired":true,"valueName":"search_term_string"}}],"inLanguage":"fr-FR"},{"@type":"Organization","@id":"https:\/\/4cdigital.com.br\/#organization","name":"4C Digital","url":"https:\/\/4cdigital.com.br\/","logo":{"@type":"ImageObject","inLanguage":"fr-FR","@id":"https:\/\/4cdigital.com.br\/#\/schema\/logo\/image\/","url":"https:\/\/4cdigital.com.br\/wp-content\/uploads\/2025\/07\/logo.png","contentUrl":"https:\/\/4cdigital.com.br\/wp-content\/uploads\/2025\/07\/logo.png","width":114,"height":105,"caption":"4C Digital"},"image":{"@id":"https:\/\/4cdigital.com.br\/#\/schema\/logo\/image\/"}}]}},"_links":{"self":[{"href":"https:\/\/4cdigital.com.br\/fr\/wp-json\/wp\/v2\/pages\/123","targetHints":{"allow":["GET"]}}],"collection":[{"href":"https:\/\/4cdigital.com.br\/fr\/wp-json\/wp\/v2\/pages"}],"about":[{"href":"https:\/\/4cdigital.com.br\/fr\/wp-json\/wp\/v2\/types\/page"}],"author":[{"embeddable":true,"href":"https:\/\/4cdigital.com.br\/fr\/wp-json\/wp\/v2\/users\/1"}],"replies":[{"embeddable":true,"href":"https:\/\/4cdigital.com.br\/fr\/wp-json\/wp\/v2\/comments?post=123"}],"version-history":[{"count":7,"href":"https:\/\/4cdigital.com.br\/fr\/wp-json\/wp\/v2\/pages\/123\/revisions"}],"predecessor-version":[{"id":1683,"href":"https:\/\/4cdigital.com.br\/fr\/wp-json\/wp\/v2\/pages\/123\/revisions\/1683"}],"wp:attachment":[{"href":"https:\/\/4cdigital.com.br\/fr\/wp-json\/wp\/v2\/media?parent=123"}],"curies":[{"name":"wp","href":"https:\/\/api.w.org\/{rel}","templated":true}]}}